{"id":3,"date":"2025-05-26T16:19:35","date_gmt":"2025-05-26T16:19:35","guid":{"rendered":"https:\/\/recette.hopscotchluxe.com\/?page_id=3"},"modified":"2025-12-08T15:39:12","modified_gmt":"2025-12-08T15:39:12","slug":"privacy-policy","status":"publish","type":"page","link":"https:\/\/recette.hopscotchluxe.com\/?page_id=3&lang=en","title":{"rendered":"Legal mentions"},"content":{"rendered":"<section class=\"post-content\">\n<div class=\"post-content_part paragraph paragraph--old\">\n<div class=\"copy copy--md\">\n<h2>\u00c9DITEUR :<\/h2>\n<p><strong>HOPSCOTCH Luxe<\/strong><\/p>\n<h2><strong>Objet<\/strong><\/h2>\n<p>Les pr\u00e9sentes Conditions d\u2019Utilisation (ci-apr\u00e8s \u00ab CU \u00bb) pr\u00e9cisent le cadre contractuel de la relation entre Hopscotch Luxe et tout utilisateur du site internet Hopscotch Luxe (www.hopsctochluxe.com). Ces Conditions d\u00e9terminent les r\u00e8gles d\u2019acc\u00e8s au Site et ses modalit\u00e9s d\u2019utilisation que tous les utilisateurs reconnaissent accepter, sans r\u00e9serve, \u00e0 chaque visite du Site.<\/p>\n<p>Les CU peuvent \u00eatre modifi\u00e9es \u00e0 tout moment et chaque modification est imm\u00e9diatement applicable. \u00c0 ce titre, il est demand\u00e9 aux utilisateurs de lire les CU \u00e0 chaque visite du Site.<\/p>\n<h2><strong>Contenu du Site<\/strong><\/h2>\n<p>Le Site a pour objet de fournir des informations sur l\u2019activit\u00e9 et l\u2019actualit\u00e9 de Hopscotch Luxe. Les informations pr\u00e9sentes sur le Site sont indicatives et g\u00e9n\u00e9rales et ne sont en aucun cas exhaustives. Hopscotch Luxe se r\u00e9serve le droit de corriger, \u00e0 tout moment et sans pr\u00e9avis, le contenu du Site ou de suspendre ou d\u2019interrompre l\u2019acc\u00e8s \u00e0 celui-ci. Malgr\u00e9 tout le soin apport\u00e9 \u00e0 la construction du Site et \u00e0 sa mise \u00e0 jour r\u00e9guli\u00e8re, des erreurs peuvent se glisser dans les informations pr\u00e9sent\u00e9es. Les utilisateurs du Site doivent donc effectuer toutes les v\u00e9rifications n\u00e9cessaires et sont seuls responsables de l\u2019utilisation qu\u2019ils font des informations accessibles, ce qui n\u2019engage en aucun cas la responsabilit\u00e9 de Hopscotch Luxe.<\/p>\n<h2><strong>Propri\u00e9t\u00e9 Intellectuelle<\/strong><\/h2>\n<p>Le logo Hopscotch Luxe est une marque d\u00e9pos\u00e9e de Hopscotch Luxe et, \u00e0 l\u2019exception des \u00e9l\u00e9ments tomb\u00e9s dans le domaine public, tous les \u00e9l\u00e9ments (informations, donn\u00e9es, marques, logos, etc.) pr\u00e9sents sur le Site sont la propri\u00e9t\u00e9 exclusive ou sous licence de Hopscotch Luxe ou de ses filiales et sont prot\u00e9g\u00e9s par le droit d\u2019auteur, le droit des marques et, plus g\u00e9n\u00e9ralement, par les dispositions du Code de la Propri\u00e9t\u00e9 Intellectuelle ou par tout droit reconnu par la l\u00e9gislation en vigueur.<\/p>\n<p>Sauf indication contraire et \u00e0 l\u2019exception des reproductions autoris\u00e9es par l\u2019article L. 122-5 du Code de la Propri\u00e9t\u00e9 Intellectuelle, la copie, la pr\u00e9sentation, le t\u00e9l\u00e9chargement, la distribution, la modification ou la reproduction totale ou partielle des \u00e9l\u00e9ments composant le Site \u00e0 des fins de publication ou de diffusion par quelque moyen ou sous quelque forme que ce soit, est strictement interdite, sauf consentement pr\u00e9alable \u00e9crit de Hopscotch Luxe.<\/p>\n<p>Si un consentement est donn\u00e9, toute reproduction autoris\u00e9e doit inclure l\u2019information suivante : <em>\u00ab Ce document provient du site officiel de Hopscotch Luxe <\/em><em>\u2013\u00a0<\/em><a href=\"https:\/\/hopscotchluxe.com\/\"><em>www.hopscotchluxe.com<\/em><\/a><em>. Les droits de reproduction sont r\u00e9serv\u00e9s et strictement limit\u00e9s.<\/em><\/p>\n<p>La section consult\u00e9e et la date de consultation doivent \u00e9galement \u00eatre incluses dans la r\u00e9f\u00e9rence. L\u2019utilisateur est \u00e9galement interdit d\u2019introduire des donn\u00e9es sur le Site qui modifient ou pourraient modifier le contenu ou l\u2019apparence des donn\u00e9es, la pr\u00e9sentation ou l\u2019organisation du Site ou des \u0153uvres sur le Site par quelque moyen que ce soit.<\/p>\n<p>La violation de ces dispositions constitue une contrefa\u00e7on au sens du Code de la Propri\u00e9t\u00e9 Intellectuelle, et expose tout contrevenant aux sanctions p\u00e9nales et civiles pr\u00e9vues par la l\u00e9gislation fran\u00e7aise.<\/p>\n<p>Hopscotch Luxe autorise la cr\u00e9ation de liens vers le site, \u00e0 l\u2019exclusion de ceux visant \u00e0 d\u00e9nigrer ou promouvoir une concurrence d\u00e9loyale ou, plus g\u00e9n\u00e9ralement, qui pourraient \u00eatre pr\u00e9judiciables \u00e0 Hopscotch Luxe et sous r\u00e9serve de ce qui pr\u00e9c\u00e8de. Hopscotch Luxe se r\u00e9serve le droit de mettre fin \u00e0 cette autorisation \u00e0 tout moment et ne saurait \u00eatre tenu responsable des sites utilisant un lien hypertexte vers le Site.<\/p>\n<h2><strong>Links to other sites<\/strong><\/h2>\n<p>The site may include links to other websites or other Internet sources. Insofar as Hopscotch Luxe cannot control these sites and external sources, Hopscotch Luxe cannot be held liable for the availability of these sites and external sources, nor be held liable for the content, advertising, products, services or any other material available on or from these external sites or sources.<\/p>\n<p>In addition, Hopscotch Luxe cannot be held liable for any proven or alleged damage or loss resulting from or in connection with the use of or the placing of trust in the content, goods or services available on these sites or external sources.<\/p>\n<h2><strong>Liability <\/strong><\/h2>\n<p>All users accept full responsibility for their use of Site. Hopscotch Luxe cannot be held liable in any way, in particular:<\/p>\n<ul>\n<li>for any disruption of the site\u2019s services<\/li>\n<li>for the occurrence of malfunctions<\/li>\n<li>for any damage resulting from a fraudulent intrusion by a third party resulting in modification of the information made available on the site<\/li>\n<li>and, more generally, for any direct or indirect damages, whatever the causes, origins, natures or consequences, caused by the access of anyone to the Site or by the impossibility to access it, or by the use of the Site or by the credit given to any information coming directly or indirectly from the Site.<\/li>\n<\/ul>\n<h2><strong>Personal Data<\/strong><\/h2>\n<p>See <a href=\"https:\/\/hopscotchgroupe.com\/politique-de-confidentialite-et-de-traitement-des-donnees-personnelles\/\" target=\"_blank\" rel=\"noopener\"><strong>here<\/strong><\/a><strong>.<\/strong><\/p>\n<h2><strong>Applicable law and jurisdiction<\/strong><\/h2>\n<p>The TOU are governed by French law. In the event of a dispute, the parties shall seek an amicable solution. Otherwise, the Paris Court of Appeal shall have exclusive jurisdiction to hear any dispute relating to the validity, interpretation or execution of the TOU, notwithstanding multiple defendants or the introduction of third parties, which the user acknowledges by their acceptance hereof.<\/p>\n<\/div>\n<\/div>\n<\/section>\n","protected":false},"excerpt":{"rendered":"<p>\u00c9DITEUR : HOPSCOTCH Luxe Objet Les pr\u00e9sentes Conditions d\u2019Utilisation (ci-apr\u00e8s \u00ab CU \u00bb) pr\u00e9cisent le cadre contractuel de la relation entre Hopscotch Luxe et tout utilisateur du site internet Hopscotch Luxe (www.hopsctochluxe.com). Ces Conditions d\u00e9terminent les r\u00e8gles d\u2019acc\u00e8s au Site et ses modalit\u00e9s d\u2019utilisation que tous les utilisateurs reconnaissent accepter, sans r\u00e9serve, \u00e0 chaque visite [&hellip;]<\/p>\n","protected":false},"author":1,"featured_media":0,"parent":0,"menu_order":0,"comment_status":"closed","ping_status":"open","template":"templates\/tpl-mentions.php","meta":{"_acf_changed":false,"footnotes":""},"class_list":["post-3","page","type-page","status-publish","hentry"],"acf":[],"lang":"en","translations":{"en":3,"fr":32},"pll_sync_post":[],"_links":{"self":[{"href":"https:\/\/recette.hopscotchluxe.com\/index.php?rest_route=\/wp\/v2\/pages\/3","targetHints":{"allow":["GET"]}}],"collection":[{"href":"https:\/\/recette.hopscotchluxe.com\/index.php?rest_route=\/wp\/v2\/pages"}],"about":[{"href":"https:\/\/recette.hopscotchluxe.com\/index.php?rest_route=\/wp\/v2\/types\/page"}],"author":[{"embeddable":true,"href":"https:\/\/recette.hopscotchluxe.com\/index.php?rest_route=\/wp\/v2\/users\/1"}],"replies":[{"embeddable":true,"href":"https:\/\/recette.hopscotchluxe.com\/index.php?rest_route=%2Fwp%2Fv2%2Fcomments&post=3"}],"version-history":[{"count":2,"href":"https:\/\/recette.hopscotchluxe.com\/index.php?rest_route=\/wp\/v2\/pages\/3\/revisions"}],"predecessor-version":[{"id":566,"href":"https:\/\/recette.hopscotchluxe.com\/index.php?rest_route=\/wp\/v2\/pages\/3\/revisions\/566"}],"wp:attachment":[{"href":"https:\/\/recette.hopscotchluxe.com\/index.php?rest_route=%2Fwp%2Fv2%2Fmedia&parent=3"}],"curies":[{"name":"wp","href":"https:\/\/api.w.org\/{rel}","templated":true}]}}