{"id":19,"date":"2025-05-26T16:15:46","date_gmt":"2025-05-26T16:15:46","guid":{"rendered":"https:\/\/recette.hopscotchluxe.com\/?page_id=19"},"modified":"2025-12-05T14:46:35","modified_gmt":"2025-12-05T14:46:35","slug":"customers","status":"publish","type":"page","link":"https:\/\/recette.hopscotchluxe.com\/?page_id=19&lang=en","title":{"rendered":"Customers"},"content":{"rendered":"<ul class=\"liste-classique\">\n<li>BREGUET<\/li>\n<li>CHANEL<\/li>\n<li>CARTIER<\/li>\n<li>CHAUMET<\/li>\n<li>VACHERON CONSTANTIN<\/li>\n<li>JAEGER-LECOULTRE<\/li>\n<li>PIAGET<\/li>\n<li>DIOR<\/li>\n<li>LOUIS VUITTON<\/li>\n<li>ROLEX<\/li>\n<li>VEUVE CLICQUOT<\/li>\n<li>PERRIER-JOU\u00cbT<\/li>\n<li>CHLO\u00c9<\/li>\n<li>ISSEY MIYAKE<\/li>\n<li>MAX MARA<\/li>\n<li>LVMH<\/li>\n<li>HENNESSY<\/li>\n<li>RUINART<\/li>\n<li>KRUG<\/li>\n<li>DOM P\u00c9RIGNON<\/li>\n<li>SIRDAVIS<\/li>\n<li>R\u00c9MY COINTREAU<\/li>\n<li>MUMM<\/li>\n<li>MARTELL<\/li>\n<li>COTY<\/li>\n<li>NARCISO RODRIGUEZ<\/li>\n<li>DAVIDOFF<\/li>\n<li>BOSS<\/li>\n<li>ZADIG &amp; VOLTAIRE<\/li>\n<li>SAINT LAURENT<\/li>\n<li>LACOSTE<\/li>\n<li>CAROLINA HERRERA<\/li>\n<li>GUERLAIN<\/li>\n<\/ul>\n","protected":false},"excerpt":{"rendered":"<p>BREGUET CHANEL CARTIER CHAUMET VACHERON CONSTANTIN JAEGER-LECOULTRE PIAGET DIOR LOUIS VUITTON ROLEX VEUVE CLICQUOT PERRIER-JOU\u00cbT CHLO\u00c9 ISSEY MIYAKE MAX MARA LVMH HENNESSY RUINART KRUG DOM P\u00c9RIGNON SIRDAVIS R\u00c9MY COINTREAU MUMM MARTELL COTY NARCISO RODRIGUEZ DAVIDOFF BOSS ZADIG &amp; VOLTAIRE SAINT LAURENT LACOSTE CAROLINA HERRERA GUERLAIN<\/p>\n","protected":false},"author":1,"featured_media":0,"parent":0,"menu_order":0,"comment_status":"closed","ping_status":"closed","template":"templates\/tpl-customers.php","meta":{"_acf_changed":false,"footnotes":""},"class_list":["post-19","page","type-page","status-publish","hentry"],"acf":[],"lang":"en","translations":{"en":19,"fr":12},"pll_sync_post":[],"_links":{"self":[{"href":"https:\/\/recette.hopscotchluxe.com\/index.php?rest_route=\/wp\/v2\/pages\/19","targetHints":{"allow":["GET"]}}],"collection":[{"href":"https:\/\/recette.hopscotchluxe.com\/index.php?rest_route=\/wp\/v2\/pages"}],"about":[{"href":"https:\/\/recette.hopscotchluxe.com\/index.php?rest_route=\/wp\/v2\/types\/page"}],"author":[{"embeddable":true,"href":"https:\/\/recette.hopscotchluxe.com\/index.php?rest_route=\/wp\/v2\/users\/1"}],"replies":[{"embeddable":true,"href":"https:\/\/recette.hopscotchluxe.com\/index.php?rest_route=%2Fwp%2Fv2%2Fcomments&post=19"}],"version-history":[{"count":3,"href":"https:\/\/recette.hopscotchluxe.com\/index.php?rest_route=\/wp\/v2\/pages\/19\/revisions"}],"predecessor-version":[{"id":534,"href":"https:\/\/recette.hopscotchluxe.com\/index.php?rest_route=\/wp\/v2\/pages\/19\/revisions\/534"}],"wp:attachment":[{"href":"https:\/\/recette.hopscotchluxe.com\/index.php?rest_route=%2Fwp%2Fv2%2Fmedia&parent=19"}],"curies":[{"name":"wp","href":"https:\/\/api.w.org\/{rel}","templated":true}]}}